{"id":9,"date":"2024-06-11T13:46:28","date_gmt":"2024-06-11T13:46:28","guid":{"rendered":"https:\/\/exportamoz.co.mz\/?page_id=9"},"modified":"2025-08-15T10:14:44","modified_gmt":"2025-08-15T10:14:44","slug":"oportunidade","status":"publish","type":"page","link":"https:\/\/exportamoz.co.mz\/en\/oportunidade\/","title":{"rendered":"OPORTUNIDADES"},"content":{"rendered":"<div data-elementor-type=\"wp-page\" data-elementor-id=\"9\" class=\"elementor elementor-9\" data-elementor-post-type=\"page\">\n\t\t\t\t\t\t<section class=\"elementor-section elementor-top-section elementor-element elementor-element-6b58dba1 elementor-section-stretched elementor-section-full_width elementor-section-height-default elementor-section-height-default\" data-id=\"6b58dba1\" data-element_type=\"section\" data-settings=\"{&quot;stretch_section&quot;:&quot;section-stretched&quot;}\">\n\t\t\t\t\t\t<div class=\"elementor-container elementor-column-gap-default\">\n\t\t\t\t\t<div class=\"elementor-column elementor-col-50 elementor-top-column elementor-element elementor-element-5fc7ed58\" data-id=\"5fc7ed58\" data-element_type=\"column\" data-settings=\"{&quot;background_background&quot;:&quot;classic&quot;}\">\n\t\t\t<div class=\"elementor-widget-wrap elementor-element-populated\">\n\t\t\t\t\t\t<section class=\"elementor-section elementor-inner-section elementor-element elementor-element-1ed37130 elementor-section-boxed elementor-section-height-default elementor-section-height-default\" data-id=\"1ed37130\" data-element_type=\"section\">\n\t\t\t\t\t\t<div class=\"elementor-container elementor-column-gap-default\">\n\t\t\t\t\t<div class=\"elementor-column elementor-col-100 elementor-inner-column elementor-element elementor-element-5dbcac10\" data-id=\"5dbcac10\" data-element_type=\"column\">\n\t\t\t<div class=\"elementor-widget-wrap elementor-element-populated\">\n\t\t\t\t\t\t<div class=\"elementor-element elementor-element-a0cd711 elementor-widget elementor-widget-text-editor\" data-id=\"a0cd711\" data-element_type=\"widget\" data-widget_type=\"text-editor.default\">\n\t\t\t\t<div class=\"elementor-widget-container\">\n\t\t\t<style>\/*! elementor - v3.21.0 - 26-05-2024 *\/\n.elementor-widget-text-editor.elementor-drop-cap-view-stacked .elementor-drop-cap{background-color:#69727d;color:#fff}.elementor-widget-text-editor.elementor-drop-cap-view-framed .elementor-drop-cap{color:#69727d;border:3px solid;background-color:transparent}.elementor-widget-text-editor:not(.elementor-drop-cap-view-default) .elementor-drop-cap{margin-top:8px}.elementor-widget-text-editor:not(.elementor-drop-cap-view-default) .elementor-drop-cap-letter{width:1em;height:1em}.elementor-widget-text-editor .elementor-drop-cap{float:left;text-align:center;line-height:1;font-size:50px}.elementor-widget-text-editor .elementor-drop-cap-letter{display:inline-block}<\/style>\t\t\t\t<h2><img decoding=\"async\" class=\"alignnone size-full wp-image-337\" src=\"https:\/\/exportamoz.co.mz\/wp-content\/uploads\/revslider\/slider-4\/corporation2-slider-pic2.png\" alt=\"\" width=\"30\" height=\"30\" \/><\/h2>\n<h2><span style=\"color: #17774e;\">Oportunidades de Exporta\u00e7\u00e3o<\/span><\/h2>\t\t\t\t\t\t<\/div>\n\t\t\t\t<\/div>\n\t\t\t\t<div class=\"elementor-element elementor-element-6040cf2a elementor-widget elementor-widget-spacer\" data-id=\"6040cf2a\" data-element_type=\"widget\" data-widget_type=\"spacer.default\">\n\t\t\t\t<div class=\"elementor-widget-container\">\n\t\t\t<style>\/*! elementor - v3.21.0 - 26-05-2024 *\/\n.elementor-column .elementor-spacer-inner{height:var(--spacer-size)}.e-con{--container-widget-width:100%}.e-con-inner>.elementor-widget-spacer,.e-con>.elementor-widget-spacer{width:var(--container-widget-width,var(--spacer-size));--align-self:var(--container-widget-align-self,initial);--flex-shrink:0}.e-con-inner>.elementor-widget-spacer>.elementor-widget-container,.e-con>.elementor-widget-spacer>.elementor-widget-container{height:100%;width:100%}.e-con-inner>.elementor-widget-spacer>.elementor-widget-container>.elementor-spacer,.e-con>.elementor-widget-spacer>.elementor-widget-container>.elementor-spacer{height:100%}.e-con-inner>.elementor-widget-spacer>.elementor-widget-container>.elementor-spacer>.elementor-spacer-inner,.e-con>.elementor-widget-spacer>.elementor-widget-container>.elementor-spacer>.elementor-spacer-inner{height:var(--container-widget-height,var(--spacer-size))}.e-con-inner>.elementor-widget-spacer.elementor-widget-empty,.e-con>.elementor-widget-spacer.elementor-widget-empty{position:relative;min-height:22px;min-width:22px}.e-con-inner>.elementor-widget-spacer.elementor-widget-empty .elementor-widget-empty-icon,.e-con>.elementor-widget-spacer.elementor-widget-empty .elementor-widget-empty-icon{position:absolute;top:0;bottom:0;left:0;right:0;margin:auto;padding:0;width:22px;height:22px}<\/style>\t\t<div class=\"elementor-spacer\">\n\t\t\t<div class=\"elementor-spacer-inner\"><\/div>\n\t\t<\/div>\n\t\t\t\t<\/div>\n\t\t\t\t<\/div>\n\t\t\t\t\t<\/div>\n\t\t<\/div>\n\t\t\t\t\t<\/div>\n\t\t<\/section>\n\t\t\t\t\t<\/div>\n\t\t<\/div>\n\t\t\t\t<div class=\"elementor-column elementor-col-50 elementor-top-column elementor-element elementor-element-2a643770\" data-id=\"2a643770\" data-element_type=\"column\" data-settings=\"{&quot;background_background&quot;:&quot;classic&quot;}\">\n\t\t\t<div class=\"elementor-widget-wrap\">\n\t\t\t\t\t\t\t<\/div>\n\t\t<\/div>\n\t\t\t\t\t<\/div>\n\t\t<\/section>\n\t\t\t\t<section class=\"elementor-section elementor-top-section elementor-element elementor-element-7609d5a8 elementor-section-boxed elementor-section-height-default elementor-section-height-default\" data-id=\"7609d5a8\" data-element_type=\"section\" id=\"xs_blog_dark_full_grid_2\">\n\t\t\t\t\t\t<div class=\"elementor-container elementor-column-gap-default\">\n\t\t\t\t\t<div class=\"elementor-column elementor-col-100 elementor-top-column elementor-element elementor-element-5ddfaaa6\" data-id=\"5ddfaaa6\" data-element_type=\"column\">\n\t\t\t<div class=\"elementor-widget-wrap elementor-element-populated\">\n\t\t\t\t\t\t<div class=\"elementor-element elementor-element-68530e56 elementor-widget elementor-widget-elementskit-heading\" data-id=\"68530e56\" data-element_type=\"widget\" data-widget_type=\"elementskit-heading.default\">\n\t\t\t\t<div class=\"elementor-widget-container\">\n\t\t\t<div class=\"ekit-wid-con\" ><div class=\"ekit-heading elementskit-section-title-wraper center   ekit_heading_tablet-   ekit_heading_mobile-\"><div class=\"ekit_heading_separetor_wraper ekit_heading_elementskit-border-divider\"><div class=\"elementskit-border-divider\"><\/div><\/div>\t\t\t\t<div class='ekit-heading__description'>\n\t\t\t\t\t<p>Bem-vindo \u00e0 nossa p\u00e1gina de Oportunidades! Aqui encontrar\u00e1 uma lista de produtos e especifica\u00e7\u00f5es solicitados por nossos clientes.\u00a0<\/p>\n\t\t\t\t<\/div>\n\t\t\t<\/div><\/div>\t\t<\/div>\n\t\t\t\t<\/div>\n\t\t\t\t\t<\/div>\n\t\t<\/div>\n\t\t\t\t\t<\/div>\n\t\t<\/section>\n\t\t<div class=\"elementor-element elementor-element-228fa41e e-flex e-con-boxed e-con e-parent\" data-id=\"228fa41e\" data-element_type=\"container\">\n\t\t\t\t\t<div class=\"e-con-inner\">\n\t\t\t\t<div class=\"elementor-element elementor-element-9e6782a elementor-widget elementor-widget-shortcode\" data-id=\"9e6782a\" data-element_type=\"widget\" data-widget_type=\"shortcode.default\">\n\t\t\t\t<div class=\"elementor-widget-container\">\n\t\t\t\t\t<div class=\"elementor-shortcode\"><div class=\"opportunities-grid opportunities-grid-all\"><div id=\"opportunities-container\"><div class=\"opportunities-grid\"><div class=\"opportunity-item\"><img fetchpriority=\"high\" decoding=\"async\" width=\"300\" height=\"200\" src=\"https:\/\/exportamoz.co.mz\/wp-content\/uploads\/2024\/10\/feijao-de-olho-roxo-fundo-de-leguminosas_101881-280-300x200.avif\" class=\"attachment-medium size-medium wp-post-image\" alt=\"\" srcset=\"https:\/\/exportamoz.co.mz\/wp-content\/uploads\/2024\/10\/feijao-de-olho-roxo-fundo-de-leguminosas_101881-280-300x200.avif 300w, https:\/\/exportamoz.co.mz\/wp-content\/uploads\/2024\/10\/feijao-de-olho-roxo-fundo-de-leguminosas_101881-280.avif 626w\" sizes=\"(max-width: 300px) 100vw, 300px\" \/><h3>Feij\u00e3o Frade<\/h3><p><strong>Pre\u00e7o:<\/strong>  MZN\/KG<\/p><p><strong>Quantidade:<\/strong> 100 Ton<\/p><p><strong>Pa\u00eds:<\/strong> Mo\u00e7ambique<\/p><p><strong>Prov\u00edncia\/Estado:<\/strong> Maputo<\/p><a href=\"https:\/\/portal.exportamoz.co.mz\/\" class=\"button\">Ver Detalhes<\/a><\/div><div class=\"opportunity-item\"><img decoding=\"async\" width=\"300\" height=\"200\" src=\"https:\/\/exportamoz.co.mz\/wp-content\/uploads\/2024\/11\/screenshot_20210522-220852_ebay-1-300x200.png\" class=\"attachment-medium size-medium wp-post-image\" alt=\"\" srcset=\"https:\/\/exportamoz.co.mz\/wp-content\/uploads\/2024\/11\/screenshot_20210522-220852_ebay-1-300x200.png 300w, https:\/\/exportamoz.co.mz\/wp-content\/uploads\/2024\/11\/screenshot_20210522-220852_ebay-1-768x512.png 768w, https:\/\/exportamoz.co.mz\/wp-content\/uploads\/2024\/11\/screenshot_20210522-220852_ebay-1.png 1024w\" sizes=\"(max-width: 300px) 100vw, 300px\" \/><h3>Feij\u00e3o Frade Descascado<\/h3><p><strong>Pre\u00e7o:<\/strong>  MZN\/KG<\/p><p><strong>Quantidade:<\/strong> 4000 KG<\/p><p><strong>Pa\u00eds:<\/strong> Mo\u00e7ambique<\/p><p><strong>Prov\u00edncia\/Estado:<\/strong> Maputo<\/p><a href=\"https:\/\/portal.exportamoz.co.mz\/\" class=\"button\">Ver Detalhes<\/a><\/div><div class=\"opportunity-item\"><img loading=\"lazy\" decoding=\"async\" width=\"300\" height=\"224\" src=\"https:\/\/exportamoz.co.mz\/wp-content\/uploads\/2024\/10\/Design-sem-nome-28-300x224.png\" class=\"attachment-medium size-medium wp-post-image\" alt=\"\" srcset=\"https:\/\/exportamoz.co.mz\/wp-content\/uploads\/2024\/10\/Design-sem-nome-28-300x224.png 300w, https:\/\/exportamoz.co.mz\/wp-content\/uploads\/2024\/10\/Design-sem-nome-28-768x572.png 768w, https:\/\/exportamoz.co.mz\/wp-content\/uploads\/2024\/10\/Design-sem-nome-28.png 1000w\" sizes=\"(max-width: 300px) 100vw, 300px\" \/><h3>\u00d3leo de Milho<\/h3><p><strong>Pre\u00e7o:<\/strong>  MZN\/KG<\/p><p><strong>Quantidade:<\/strong> 6600 KG<\/p><p><strong>Pa\u00eds:<\/strong> Mo\u00e7ambique<\/p><p><strong>Prov\u00edncia\/Estado:<\/strong> Maputo<\/p><a href=\"https:\/\/portal.exportamoz.co.mz\/\" class=\"button\">Ver Detalhes<\/a><\/div><div class=\"opportunity-item\"><img loading=\"lazy\" decoding=\"async\" width=\"300\" height=\"224\" src=\"https:\/\/exportamoz.co.mz\/wp-content\/uploads\/2024\/10\/Design-sem-nome-25-300x224.png\" class=\"attachment-medium size-medium wp-post-image\" alt=\"\" srcset=\"https:\/\/exportamoz.co.mz\/wp-content\/uploads\/2024\/10\/Design-sem-nome-25-300x224.png 300w, https:\/\/exportamoz.co.mz\/wp-content\/uploads\/2024\/10\/Design-sem-nome-25-768x572.png 768w, https:\/\/exportamoz.co.mz\/wp-content\/uploads\/2024\/10\/Design-sem-nome-25.png 1000w\" sizes=\"(max-width: 300px) 100vw, 300px\" \/><h3>Azeite<\/h3><p><strong>Pre\u00e7o:<\/strong>  MZN\/KG<\/p><p><strong>Quantidade:<\/strong> 4600 KG<\/p><p><strong>Pa\u00eds:<\/strong> Mo\u00e7ambique<\/p><p><strong>Prov\u00edncia\/Estado:<\/strong> Maputo<\/p><a href=\"https:\/\/portal.exportamoz.co.mz\/\" class=\"button\">Ver Detalhes<\/a><\/div><div class=\"opportunity-item\"><img loading=\"lazy\" decoding=\"async\" width=\"300\" height=\"224\" src=\"https:\/\/exportamoz.co.mz\/wp-content\/uploads\/2024\/10\/Design-sem-nome-26-300x224.png\" class=\"attachment-medium size-medium wp-post-image\" alt=\"\" srcset=\"https:\/\/exportamoz.co.mz\/wp-content\/uploads\/2024\/10\/Design-sem-nome-26-300x224.png 300w, https:\/\/exportamoz.co.mz\/wp-content\/uploads\/2024\/10\/Design-sem-nome-26-768x572.png 768w, https:\/\/exportamoz.co.mz\/wp-content\/uploads\/2024\/10\/Design-sem-nome-26.png 1000w\" sizes=\"(max-width: 300px) 100vw, 300px\" \/><h3>\u00d3leo de Soja<\/h3><p><strong>Pre\u00e7o:<\/strong>  MZN\/KG<\/p><p><strong>Quantidade:<\/strong> 8500 KG<\/p><p><strong>Pa\u00eds:<\/strong> Mo\u00e7ambique<\/p><p><strong>Prov\u00edncia\/Estado:<\/strong> Maputo<\/p><a href=\"https:\/\/portal.exportamoz.co.mz\/\" class=\"button\">Ver Detalhes<\/a><\/div><div class=\"opportunity-item\"><img loading=\"lazy\" decoding=\"async\" width=\"300\" height=\"224\" src=\"https:\/\/exportamoz.co.mz\/wp-content\/uploads\/2024\/10\/Design-sem-nome-27-300x224.png\" class=\"attachment-medium size-medium wp-post-image\" alt=\"\" srcset=\"https:\/\/exportamoz.co.mz\/wp-content\/uploads\/2024\/10\/Design-sem-nome-27-300x224.png 300w, https:\/\/exportamoz.co.mz\/wp-content\/uploads\/2024\/10\/Design-sem-nome-27-768x572.png 768w, https:\/\/exportamoz.co.mz\/wp-content\/uploads\/2024\/10\/Design-sem-nome-27.png 1000w\" sizes=\"(max-width: 300px) 100vw, 300px\" \/><h3>\u00d3leo de Girassol<\/h3><p><strong>Pre\u00e7o:<\/strong>  MZN\/KG<\/p><p><strong>Quantidade:<\/strong> 206200 KG<\/p><p><strong>Pa\u00eds:<\/strong> Mo\u00e7ambique<\/p><p><strong>Prov\u00edncia\/Estado:<\/strong> Maputo<\/p><a href=\"https:\/\/portal.exportamoz.co.mz\/\" class=\"button\">Ver Detalhes<\/a><\/div><div class=\"opportunity-item\"><img loading=\"lazy\" decoding=\"async\" width=\"300\" height=\"224\" src=\"https:\/\/exportamoz.co.mz\/wp-content\/uploads\/2024\/10\/Design-sem-nome-24-300x224.png\" class=\"attachment-medium size-medium wp-post-image\" alt=\"\" srcset=\"https:\/\/exportamoz.co.mz\/wp-content\/uploads\/2024\/10\/Design-sem-nome-24-300x224.png 300w, https:\/\/exportamoz.co.mz\/wp-content\/uploads\/2024\/10\/Design-sem-nome-24-768x572.png 768w, https:\/\/exportamoz.co.mz\/wp-content\/uploads\/2024\/10\/Design-sem-nome-24.png 1000w\" sizes=\"(max-width: 300px) 100vw, 300px\" \/><h3>Feij\u00e3o Carioca<\/h3><p><strong>Pre\u00e7o:<\/strong>  MZN\/KG<\/p><p><strong>Quantidade:<\/strong> 900 Ton<\/p><p><strong>Pa\u00eds:<\/strong> Mo\u00e7ambique<\/p><p><strong>Prov\u00edncia\/Estado:<\/strong> Maputo<\/p><a href=\"https:\/\/portal.exportamoz.co.mz\/\" class=\"button\">Ver Detalhes<\/a><\/div><div class=\"opportunity-item\"><img loading=\"lazy\" decoding=\"async\" width=\"300\" height=\"224\" src=\"https:\/\/exportamoz.co.mz\/wp-content\/uploads\/2024\/10\/Design-sem-nome-22-300x224.png\" class=\"attachment-medium size-medium wp-post-image\" alt=\"\" srcset=\"https:\/\/exportamoz.co.mz\/wp-content\/uploads\/2024\/10\/Design-sem-nome-22-300x224.png 300w, https:\/\/exportamoz.co.mz\/wp-content\/uploads\/2024\/10\/Design-sem-nome-22-768x572.png 768w, https:\/\/exportamoz.co.mz\/wp-content\/uploads\/2024\/10\/Design-sem-nome-22.png 1000w\" sizes=\"(max-width: 300px) 100vw, 300px\" \/><h3>Feij\u00e3o Olho Roxo<\/h3><p><strong>Pre\u00e7o:<\/strong>  MZN\/KG<\/p><p><strong>Quantidade:<\/strong> 800 Ton<\/p><p><strong>Pa\u00eds:<\/strong> Mo\u00e7ambique<\/p><p><strong>Prov\u00edncia\/Estado:<\/strong> Maputo<\/p><a href=\"https:\/\/portal.exportamoz.co.mz\/\" class=\"button\">Ver Detalhes<\/a><\/div><div class=\"opportunity-item\"><img loading=\"lazy\" decoding=\"async\" width=\"300\" height=\"224\" src=\"https:\/\/exportamoz.co.mz\/wp-content\/uploads\/2024\/10\/Design-sem-nome-23-300x224.png\" class=\"attachment-medium size-medium wp-post-image\" alt=\"\" srcset=\"https:\/\/exportamoz.co.mz\/wp-content\/uploads\/2024\/10\/Design-sem-nome-23-300x224.png 300w, https:\/\/exportamoz.co.mz\/wp-content\/uploads\/2024\/10\/Design-sem-nome-23-768x572.png 768w, https:\/\/exportamoz.co.mz\/wp-content\/uploads\/2024\/10\/Design-sem-nome-23.png 1000w\" sizes=\"(max-width: 300px) 100vw, 300px\" \/><h3>Great Northern Beans<\/h3><p><strong>Pre\u00e7o:<\/strong>  MZN\/KG<\/p><p><strong>Quantidade:<\/strong> 500 Ton<\/p><p><strong>Pa\u00eds:<\/strong> Mo\u00e7ambique<\/p><p><strong>Prov\u00edncia\/Estado:<\/strong> Maputo<\/p><a href=\"https:\/\/portal.exportamoz.co.mz\/\" class=\"button\">Ver Detalhes<\/a><\/div><div class=\"opportunity-item\"><img loading=\"lazy\" decoding=\"async\" width=\"300\" height=\"224\" src=\"https:\/\/exportamoz.co.mz\/wp-content\/uploads\/2024\/09\/Design-sem-nome-25-300x224.png\" class=\"attachment-medium size-medium wp-post-image\" alt=\"\" srcset=\"https:\/\/exportamoz.co.mz\/wp-content\/uploads\/2024\/09\/Design-sem-nome-25-300x224.png 300w, https:\/\/exportamoz.co.mz\/wp-content\/uploads\/2024\/09\/Design-sem-nome-25-768x572.png 768w, https:\/\/exportamoz.co.mz\/wp-content\/uploads\/2024\/09\/Design-sem-nome-25.png 1000w\" sizes=\"(max-width: 300px) 100vw, 300px\" \/><h3>Sugar Beans \/ Feij\u00e3o Catarina<\/h3><p><strong>Pre\u00e7o:<\/strong>  MZN\/KG<\/p><p><strong>Quantidade:<\/strong> 49 Ton<\/p><p><strong>Pa\u00eds:<\/strong> Mo\u00e7ambique<\/p><p><strong>Prov\u00edncia\/Estado:<\/strong> Maputo<\/p><a href=\"https:\/\/portal.exportamoz.co.mz\/\" class=\"button\">Ver Detalhes<\/a><\/div><div class=\"opportunity-item\"><img loading=\"lazy\" decoding=\"async\" width=\"300\" height=\"224\" src=\"https:\/\/exportamoz.co.mz\/wp-content\/uploads\/2024\/09\/Design-sem-nome-21-300x224.png\" class=\"attachment-medium size-medium wp-post-image\" alt=\"\" srcset=\"https:\/\/exportamoz.co.mz\/wp-content\/uploads\/2024\/09\/Design-sem-nome-21-300x224.png 300w, https:\/\/exportamoz.co.mz\/wp-content\/uploads\/2024\/09\/Design-sem-nome-21-768x572.png 768w, https:\/\/exportamoz.co.mz\/wp-content\/uploads\/2024\/09\/Design-sem-nome-21.png 1000w\" sizes=\"(max-width: 300px) 100vw, 300px\" \/><h3>Feij\u00e3o B\u00f3er<\/h3><p><strong>Pre\u00e7o:<\/strong>  MZN\/KG<\/p><p><strong>Quantidade:<\/strong> 50 Ton<\/p><p><strong>Pa\u00eds:<\/strong> Mo\u00e7ambique<\/p><p><strong>Prov\u00edncia\/Estado:<\/strong> Maputo<\/p><a href=\"https:\/\/portal.exportamoz.co.mz\/\" class=\"button\">Ver Detalhes<\/a><\/div><div class=\"opportunity-item\"><img loading=\"lazy\" decoding=\"async\" width=\"300\" height=\"224\" src=\"https:\/\/exportamoz.co.mz\/wp-content\/uploads\/2024\/09\/Design-sem-nome-24-300x224.png\" class=\"attachment-medium size-medium wp-post-image\" alt=\"\" srcset=\"https:\/\/exportamoz.co.mz\/wp-content\/uploads\/2024\/09\/Design-sem-nome-24-300x224.png 300w, https:\/\/exportamoz.co.mz\/wp-content\/uploads\/2024\/09\/Design-sem-nome-24-768x572.png 768w, https:\/\/exportamoz.co.mz\/wp-content\/uploads\/2024\/09\/Design-sem-nome-24.png 1000w\" sizes=\"(max-width: 300px) 100vw, 300px\" \/><h3>Feij\u00e3o Rose Coco (GLP 2)<\/h3><p><strong>Pre\u00e7o:<\/strong>  MZN\/KG<\/p><p><strong>Quantidade:<\/strong> 24 Ton<\/p><p><strong>Pa\u00eds:<\/strong> Mo\u00e7ambique<\/p><p><strong>Prov\u00edncia\/Estado:<\/strong> Maputo<\/p><a href=\"https:\/\/portal.exportamoz.co.mz\/\" class=\"button\">Ver Detalhes<\/a><\/div><div class=\"opportunity-item\"><img loading=\"lazy\" decoding=\"async\" width=\"300\" height=\"224\" src=\"https:\/\/exportamoz.co.mz\/wp-content\/uploads\/2024\/09\/Design-sem-nome-22-300x224.png\" class=\"attachment-medium size-medium wp-post-image\" alt=\"\" srcset=\"https:\/\/exportamoz.co.mz\/wp-content\/uploads\/2024\/09\/Design-sem-nome-22-300x224.png 300w, https:\/\/exportamoz.co.mz\/wp-content\/uploads\/2024\/09\/Design-sem-nome-22-768x572.png 768w, https:\/\/exportamoz.co.mz\/wp-content\/uploads\/2024\/09\/Design-sem-nome-22.png 1000w\" sizes=\"(max-width: 300px) 100vw, 300px\" \/><h3>Gergelim branco polido<\/h3><p><strong>Pre\u00e7o:<\/strong>  MZN\/KG<\/p><p><strong>Quantidade:<\/strong> 48 Ton<\/p><p><strong>Pa\u00eds:<\/strong> Mo\u00e7ambique<\/p><p><strong>Prov\u00edncia\/Estado:<\/strong> Maputo<\/p><a href=\"https:\/\/portal.exportamoz.co.mz\/\" class=\"button\">Ver Detalhes<\/a><\/div><div class=\"opportunity-item\"><img loading=\"lazy\" decoding=\"async\" width=\"300\" height=\"224\" src=\"https:\/\/exportamoz.co.mz\/wp-content\/uploads\/2024\/09\/Design-sem-nome-23-300x224.png\" class=\"attachment-medium size-medium wp-post-image\" alt=\"\" srcset=\"https:\/\/exportamoz.co.mz\/wp-content\/uploads\/2024\/09\/Design-sem-nome-23-300x224.png 300w, https:\/\/exportamoz.co.mz\/wp-content\/uploads\/2024\/09\/Design-sem-nome-23-768x572.png 768w, https:\/\/exportamoz.co.mz\/wp-content\/uploads\/2024\/09\/Design-sem-nome-23.png 1000w\" sizes=\"(max-width: 300px) 100vw, 300px\" \/><h3>Feij\u00e3o Preto<\/h3><p><strong>Pre\u00e7o:<\/strong>  MZN\/Ton<\/p><p><strong>Quantidade:<\/strong> 125 Ton<\/p><p><strong>Pa\u00eds:<\/strong> Mo\u00e7ambique<\/p><p><strong>Prov\u00edncia\/Estado:<\/strong> Maputo<\/p><a href=\"https:\/\/portal.exportamoz.co.mz\/\" class=\"button\">Ver Detalhes<\/a><\/div><div class=\"opportunity-item\"><img loading=\"lazy\" decoding=\"async\" width=\"300\" height=\"224\" src=\"https:\/\/exportamoz.co.mz\/wp-content\/uploads\/2024\/10\/Design-sem-nome-26-300x224.png\" class=\"attachment-medium size-medium wp-post-image\" alt=\"\" srcset=\"https:\/\/exportamoz.co.mz\/wp-content\/uploads\/2024\/10\/Design-sem-nome-26-300x224.png 300w, https:\/\/exportamoz.co.mz\/wp-content\/uploads\/2024\/10\/Design-sem-nome-26-768x572.png 768w, https:\/\/exportamoz.co.mz\/wp-content\/uploads\/2024\/10\/Design-sem-nome-26.png 1000w\" sizes=\"(max-width: 300px) 100vw, 300px\" \/><h3>\u00d3leo de Soja<\/h3><p><strong>Pre\u00e7o:<\/strong> 500 MZN\/KG<\/p><p><strong>Quantidade:<\/strong> 1000 Ton<\/p><p><strong>Pa\u00eds:<\/strong> Mo\u00e7ambique<\/p><p><strong>Prov\u00edncia\/Estado:<\/strong> Maputo<\/p><a href=\"https:\/\/portal.exportamoz.co.mz\/\" class=\"button\">Ver Detalhes<\/a><\/div><\/div><\/div><button id=\"load-more-opportunities\">Carregar Mais<\/button><\/div><\/div>\n\t\t\t\t<\/div>\n\t\t\t\t<\/div>\n\t\t\t\t\t<\/div>\n\t\t\t\t<\/div>\n\t\t\t\t<\/div>","protected":false},"excerpt":{"rendered":"<p>Oportunidades de Exporta\u00e7\u00e3o Bem-vindo \u00e0 nossa p\u00e1gina de Oportunidades! Aqui encontrar\u00e1 uma lista de produtos e especifica\u00e7\u00f5es solicitados por nossos [&hellip;]<\/p>\n","protected":false},"author":2,"featured_media":0,"parent":0,"menu_order":0,"comment_status":"closed","ping_status":"closed","template":"","meta":{"om_disable_all_campaigns":false,"_monsterinsights_skip_tracking":false,"_monsterinsights_sitenote_active":false,"_monsterinsights_sitenote_note":"","_monsterinsights_sitenote_category":0,"footnotes":""},"class_list":["post-9","page","type-page","status-publish","hentry"],"aioseo_notices":[],"_links":{"self":[{"href":"https:\/\/exportamoz.co.mz\/en\/wp-json\/wp\/v2\/pages\/9","targetHints":{"allow":["GET"]}}],"collection":[{"href":"https:\/\/exportamoz.co.mz\/en\/wp-json\/wp\/v2\/pages"}],"about":[{"href":"https:\/\/exportamoz.co.mz\/en\/wp-json\/wp\/v2\/types\/page"}],"author":[{"embeddable":true,"href":"https:\/\/exportamoz.co.mz\/en\/wp-json\/wp\/v2\/users\/2"}],"replies":[{"embeddable":true,"href":"https:\/\/exportamoz.co.mz\/en\/wp-json\/wp\/v2\/comments?post=9"}],"version-history":[{"count":264,"href":"https:\/\/exportamoz.co.mz\/en\/wp-json\/wp\/v2\/pages\/9\/revisions"}],"predecessor-version":[{"id":6081,"href":"https:\/\/exportamoz.co.mz\/en\/wp-json\/wp\/v2\/pages\/9\/revisions\/6081"}],"wp:attachment":[{"href":"https:\/\/exportamoz.co.mz\/en\/wp-json\/wp\/v2\/media?parent=9"}],"curies":[{"name":"wp","href":"https:\/\/api.w.org\/{rel}","templated":true}]}}