{"id":5699,"date":"2025-06-09T12:54:17","date_gmt":"2025-06-09T12:54:17","guid":{"rendered":"https:\/\/exportamoz.co.mz\/?page_id=5699"},"modified":"2025-06-09T12:55:31","modified_gmt":"2025-06-09T12:55:31","slug":"teste","status":"publish","type":"page","link":"https:\/\/exportamoz.co.mz\/en\/teste\/","title":{"rendered":"Teste"},"content":{"rendered":"<h2><img decoding=\"async\" src=\"https:\/\/newexp.sbs.co.mz\/wp-content\/uploads\/2025\/02\/Oportunidade.png\" alt=\"\" width=\"30\" height=\"30\" \/><\/h2>\n<h2>Oportunidades de Exporta\u00e7\u00e3o<\/h2>\n<style>\/*! elementor - v3.21.0 - 26-05-2024 *\/<br \/>.elementor-column .elementor-spacer-inner{height:var(--spacer-size)}.e-con{--container-widget-width:100%}.e-con-inner>.elementor-widget-spacer,.e-con>.elementor-widget-spacer{width:var(--container-widget-width,var(--spacer-size));--align-self:var(--container-widget-align-self,initial);--flex-shrink:0}.e-con-inner>.elementor-widget-spacer>.elementor-widget-container,.e-con>.elementor-widget-spacer>.elementor-widget-container{height:100%;width:100%}.e-con-inner>.elementor-widget-spacer>.elementor-widget-container>.elementor-spacer,.e-con>.elementor-widget-spacer>.elementor-widget-container>.elementor-spacer{height:100%}.e-con-inner>.elementor-widget-spacer>.elementor-widget-container>.elementor-spacer>.elementor-spacer-inner,.e-con>.elementor-widget-spacer>.elementor-widget-container>.elementor-spacer>.elementor-spacer-inner{height:var(--container-widget-height,var(--spacer-size))}.e-con-inner>.elementor-widget-spacer.elementor-widget-empty,.e-con>.elementor-widget-spacer.elementor-widget-empty{position:relative;min-height:22px;min-width:22px}.e-con-inner>.elementor-widget-spacer.elementor-widget-empty .elementor-widget-empty-icon,.e-con>.elementor-widget-spacer.elementor-widget-empty .elementor-widget-empty-icon{position:absolute;top:0;bottom:0;left:0;right:0;margin:auto;padding:0;width:22px;height:22px}<\/style>\n<p>Bem-vindo \u00e0 nossa p\u00e1gina de Oportunidades! Aqui encontrar\u00e1 uma lista de produtos e especifica\u00e7\u00f5es solicitados por nossos clientes. Se possui algum dos itens listados, clique no mesmo, <a href=\"#elementor-action%3Aaction%3Dpopup%3Aopen%26settings%3DeyJpZCI6IjE5MzIiLCJ0b2dnbGUiOmZhbHNlfQ%3D%3D\">preencha o formul\u00e1rio<\/a> e venda os seus produtos.<\/p>\n<div class=\"opportunities-grid opportunities-grid-all\"><div id=\"opportunities-container\"><div class=\"opportunities-grid\"><div class=\"opportunity-item\"><img fetchpriority=\"high\" decoding=\"async\" width=\"300\" height=\"200\" src=\"https:\/\/exportamoz.co.mz\/wp-content\/uploads\/2024\/10\/feijao-de-olho-roxo-fundo-de-leguminosas_101881-280-300x200.avif\" class=\"attachment-medium size-medium wp-post-image\" alt=\"\" srcset=\"https:\/\/exportamoz.co.mz\/wp-content\/uploads\/2024\/10\/feijao-de-olho-roxo-fundo-de-leguminosas_101881-280-300x200.avif 300w, https:\/\/exportamoz.co.mz\/wp-content\/uploads\/2024\/10\/feijao-de-olho-roxo-fundo-de-leguminosas_101881-280.avif 626w\" sizes=\"(max-width: 300px) 100vw, 300px\" \/><h3>Feij\u00e3o Frade<\/h3><p><strong>Pre\u00e7o:<\/strong>  MZN\/KG<\/p><p><strong>Quantidade:<\/strong> 100 Ton<\/p><p><strong>Pa\u00eds:<\/strong> Mo\u00e7ambique<\/p><p><strong>Prov\u00edncia\/Estado:<\/strong> Maputo<\/p><a href=\"https:\/\/portal.exportamoz.co.mz\/\" class=\"button\">Ver Detalhes<\/a><\/div><div class=\"opportunity-item\"><img decoding=\"async\" width=\"300\" height=\"200\" src=\"https:\/\/exportamoz.co.mz\/wp-content\/uploads\/2024\/11\/screenshot_20210522-220852_ebay-1-300x200.png\" class=\"attachment-medium size-medium wp-post-image\" alt=\"\" srcset=\"https:\/\/exportamoz.co.mz\/wp-content\/uploads\/2024\/11\/screenshot_20210522-220852_ebay-1-300x200.png 300w, https:\/\/exportamoz.co.mz\/wp-content\/uploads\/2024\/11\/screenshot_20210522-220852_ebay-1-768x512.png 768w, https:\/\/exportamoz.co.mz\/wp-content\/uploads\/2024\/11\/screenshot_20210522-220852_ebay-1.png 1024w\" sizes=\"(max-width: 300px) 100vw, 300px\" \/><h3>Feij\u00e3o Frade Descascado<\/h3><p><strong>Pre\u00e7o:<\/strong>  MZN\/KG<\/p><p><strong>Quantidade:<\/strong> 4000 KG<\/p><p><strong>Pa\u00eds:<\/strong> Mo\u00e7ambique<\/p><p><strong>Prov\u00edncia\/Estado:<\/strong> Maputo<\/p><a href=\"https:\/\/portal.exportamoz.co.mz\/\" class=\"button\">Ver Detalhes<\/a><\/div><div class=\"opportunity-item\"><img loading=\"lazy\" decoding=\"async\" width=\"300\" height=\"224\" src=\"https:\/\/exportamoz.co.mz\/wp-content\/uploads\/2024\/10\/Design-sem-nome-28-300x224.png\" class=\"attachment-medium size-medium wp-post-image\" alt=\"\" srcset=\"https:\/\/exportamoz.co.mz\/wp-content\/uploads\/2024\/10\/Design-sem-nome-28-300x224.png 300w, https:\/\/exportamoz.co.mz\/wp-content\/uploads\/2024\/10\/Design-sem-nome-28-768x572.png 768w, https:\/\/exportamoz.co.mz\/wp-content\/uploads\/2024\/10\/Design-sem-nome-28.png 1000w\" sizes=\"(max-width: 300px) 100vw, 300px\" \/><h3>\u00d3leo de Milho<\/h3><p><strong>Pre\u00e7o:<\/strong>  MZN\/KG<\/p><p><strong>Quantidade:<\/strong> 6600 KG<\/p><p><strong>Pa\u00eds:<\/strong> Mo\u00e7ambique<\/p><p><strong>Prov\u00edncia\/Estado:<\/strong> Maputo<\/p><a href=\"https:\/\/portal.exportamoz.co.mz\/\" class=\"button\">Ver Detalhes<\/a><\/div><div class=\"opportunity-item\"><img loading=\"lazy\" decoding=\"async\" width=\"300\" height=\"224\" src=\"https:\/\/exportamoz.co.mz\/wp-content\/uploads\/2024\/10\/Design-sem-nome-25-300x224.png\" class=\"attachment-medium size-medium wp-post-image\" alt=\"\" srcset=\"https:\/\/exportamoz.co.mz\/wp-content\/uploads\/2024\/10\/Design-sem-nome-25-300x224.png 300w, https:\/\/exportamoz.co.mz\/wp-content\/uploads\/2024\/10\/Design-sem-nome-25-768x572.png 768w, https:\/\/exportamoz.co.mz\/wp-content\/uploads\/2024\/10\/Design-sem-nome-25.png 1000w\" sizes=\"(max-width: 300px) 100vw, 300px\" \/><h3>Azeite<\/h3><p><strong>Pre\u00e7o:<\/strong>  MZN\/KG<\/p><p><strong>Quantidade:<\/strong> 4600 KG<\/p><p><strong>Pa\u00eds:<\/strong> Mo\u00e7ambique<\/p><p><strong>Prov\u00edncia\/Estado:<\/strong> Maputo<\/p><a href=\"https:\/\/portal.exportamoz.co.mz\/\" class=\"button\">Ver Detalhes<\/a><\/div><div class=\"opportunity-item\"><img loading=\"lazy\" decoding=\"async\" width=\"300\" height=\"224\" src=\"https:\/\/exportamoz.co.mz\/wp-content\/uploads\/2024\/10\/Design-sem-nome-26-300x224.png\" class=\"attachment-medium size-medium wp-post-image\" alt=\"\" srcset=\"https:\/\/exportamoz.co.mz\/wp-content\/uploads\/2024\/10\/Design-sem-nome-26-300x224.png 300w, https:\/\/exportamoz.co.mz\/wp-content\/uploads\/2024\/10\/Design-sem-nome-26-768x572.png 768w, https:\/\/exportamoz.co.mz\/wp-content\/uploads\/2024\/10\/Design-sem-nome-26.png 1000w\" sizes=\"(max-width: 300px) 100vw, 300px\" \/><h3>\u00d3leo de Soja<\/h3><p><strong>Pre\u00e7o:<\/strong>  MZN\/KG<\/p><p><strong>Quantidade:<\/strong> 8500 KG<\/p><p><strong>Pa\u00eds:<\/strong> Mo\u00e7ambique<\/p><p><strong>Prov\u00edncia\/Estado:<\/strong> Maputo<\/p><a href=\"https:\/\/portal.exportamoz.co.mz\/\" class=\"button\">Ver Detalhes<\/a><\/div><div class=\"opportunity-item\"><img loading=\"lazy\" decoding=\"async\" width=\"300\" height=\"224\" src=\"https:\/\/exportamoz.co.mz\/wp-content\/uploads\/2024\/10\/Design-sem-nome-27-300x224.png\" class=\"attachment-medium size-medium wp-post-image\" alt=\"\" srcset=\"https:\/\/exportamoz.co.mz\/wp-content\/uploads\/2024\/10\/Design-sem-nome-27-300x224.png 300w, https:\/\/exportamoz.co.mz\/wp-content\/uploads\/2024\/10\/Design-sem-nome-27-768x572.png 768w, https:\/\/exportamoz.co.mz\/wp-content\/uploads\/2024\/10\/Design-sem-nome-27.png 1000w\" sizes=\"(max-width: 300px) 100vw, 300px\" \/><h3>\u00d3leo de Girassol<\/h3><p><strong>Pre\u00e7o:<\/strong>  MZN\/KG<\/p><p><strong>Quantidade:<\/strong> 206200 KG<\/p><p><strong>Pa\u00eds:<\/strong> Mo\u00e7ambique<\/p><p><strong>Prov\u00edncia\/Estado:<\/strong> Maputo<\/p><a href=\"https:\/\/portal.exportamoz.co.mz\/\" class=\"button\">Ver Detalhes<\/a><\/div><div class=\"opportunity-item\"><img loading=\"lazy\" decoding=\"async\" width=\"300\" height=\"224\" src=\"https:\/\/exportamoz.co.mz\/wp-content\/uploads\/2024\/10\/Design-sem-nome-24-300x224.png\" class=\"attachment-medium size-medium wp-post-image\" alt=\"\" srcset=\"https:\/\/exportamoz.co.mz\/wp-content\/uploads\/2024\/10\/Design-sem-nome-24-300x224.png 300w, https:\/\/exportamoz.co.mz\/wp-content\/uploads\/2024\/10\/Design-sem-nome-24-768x572.png 768w, https:\/\/exportamoz.co.mz\/wp-content\/uploads\/2024\/10\/Design-sem-nome-24.png 1000w\" sizes=\"(max-width: 300px) 100vw, 300px\" \/><h3>Feij\u00e3o Carioca<\/h3><p><strong>Pre\u00e7o:<\/strong>  MZN\/KG<\/p><p><strong>Quantidade:<\/strong> 900 Ton<\/p><p><strong>Pa\u00eds:<\/strong> Mo\u00e7ambique<\/p><p><strong>Prov\u00edncia\/Estado:<\/strong> Maputo<\/p><a href=\"https:\/\/portal.exportamoz.co.mz\/\" class=\"button\">Ver Detalhes<\/a><\/div><div class=\"opportunity-item\"><img loading=\"lazy\" decoding=\"async\" width=\"300\" height=\"224\" src=\"https:\/\/exportamoz.co.mz\/wp-content\/uploads\/2024\/10\/Design-sem-nome-22-300x224.png\" class=\"attachment-medium size-medium wp-post-image\" alt=\"\" srcset=\"https:\/\/exportamoz.co.mz\/wp-content\/uploads\/2024\/10\/Design-sem-nome-22-300x224.png 300w, https:\/\/exportamoz.co.mz\/wp-content\/uploads\/2024\/10\/Design-sem-nome-22-768x572.png 768w, https:\/\/exportamoz.co.mz\/wp-content\/uploads\/2024\/10\/Design-sem-nome-22.png 1000w\" sizes=\"(max-width: 300px) 100vw, 300px\" \/><h3>Feij\u00e3o Olho Roxo<\/h3><p><strong>Pre\u00e7o:<\/strong>  MZN\/KG<\/p><p><strong>Quantidade:<\/strong> 800 Ton<\/p><p><strong>Pa\u00eds:<\/strong> Mo\u00e7ambique<\/p><p><strong>Prov\u00edncia\/Estado:<\/strong> Maputo<\/p><a href=\"https:\/\/portal.exportamoz.co.mz\/\" class=\"button\">Ver Detalhes<\/a><\/div><div class=\"opportunity-item\"><img loading=\"lazy\" decoding=\"async\" width=\"300\" height=\"224\" src=\"https:\/\/exportamoz.co.mz\/wp-content\/uploads\/2024\/10\/Design-sem-nome-23-300x224.png\" class=\"attachment-medium size-medium wp-post-image\" alt=\"\" srcset=\"https:\/\/exportamoz.co.mz\/wp-content\/uploads\/2024\/10\/Design-sem-nome-23-300x224.png 300w, https:\/\/exportamoz.co.mz\/wp-content\/uploads\/2024\/10\/Design-sem-nome-23-768x572.png 768w, https:\/\/exportamoz.co.mz\/wp-content\/uploads\/2024\/10\/Design-sem-nome-23.png 1000w\" sizes=\"(max-width: 300px) 100vw, 300px\" \/><h3>Great Northern Beans<\/h3><p><strong>Pre\u00e7o:<\/strong>  MZN\/KG<\/p><p><strong>Quantidade:<\/strong> 500 Ton<\/p><p><strong>Pa\u00eds:<\/strong> Mo\u00e7ambique<\/p><p><strong>Prov\u00edncia\/Estado:<\/strong> Maputo<\/p><a href=\"https:\/\/portal.exportamoz.co.mz\/\" class=\"button\">Ver Detalhes<\/a><\/div><div class=\"opportunity-item\"><img loading=\"lazy\" decoding=\"async\" width=\"300\" height=\"224\" src=\"https:\/\/exportamoz.co.mz\/wp-content\/uploads\/2024\/09\/Design-sem-nome-25-300x224.png\" class=\"attachment-medium size-medium wp-post-image\" alt=\"\" srcset=\"https:\/\/exportamoz.co.mz\/wp-content\/uploads\/2024\/09\/Design-sem-nome-25-300x224.png 300w, https:\/\/exportamoz.co.mz\/wp-content\/uploads\/2024\/09\/Design-sem-nome-25-768x572.png 768w, https:\/\/exportamoz.co.mz\/wp-content\/uploads\/2024\/09\/Design-sem-nome-25.png 1000w\" sizes=\"(max-width: 300px) 100vw, 300px\" \/><h3>Sugar Beans \/ Feij\u00e3o Catarina<\/h3><p><strong>Pre\u00e7o:<\/strong>  MZN\/KG<\/p><p><strong>Quantidade:<\/strong> 49 Ton<\/p><p><strong>Pa\u00eds:<\/strong> Mo\u00e7ambique<\/p><p><strong>Prov\u00edncia\/Estado:<\/strong> Maputo<\/p><a href=\"https:\/\/portal.exportamoz.co.mz\/\" class=\"button\">Ver Detalhes<\/a><\/div><div class=\"opportunity-item\"><img loading=\"lazy\" decoding=\"async\" width=\"300\" height=\"224\" src=\"https:\/\/exportamoz.co.mz\/wp-content\/uploads\/2024\/09\/Design-sem-nome-21-300x224.png\" class=\"attachment-medium size-medium wp-post-image\" alt=\"\" srcset=\"https:\/\/exportamoz.co.mz\/wp-content\/uploads\/2024\/09\/Design-sem-nome-21-300x224.png 300w, https:\/\/exportamoz.co.mz\/wp-content\/uploads\/2024\/09\/Design-sem-nome-21-768x572.png 768w, https:\/\/exportamoz.co.mz\/wp-content\/uploads\/2024\/09\/Design-sem-nome-21.png 1000w\" sizes=\"(max-width: 300px) 100vw, 300px\" \/><h3>Feij\u00e3o B\u00f3er<\/h3><p><strong>Pre\u00e7o:<\/strong>  MZN\/KG<\/p><p><strong>Quantidade:<\/strong> 50 Ton<\/p><p><strong>Pa\u00eds:<\/strong> Mo\u00e7ambique<\/p><p><strong>Prov\u00edncia\/Estado:<\/strong> Maputo<\/p><a href=\"https:\/\/portal.exportamoz.co.mz\/\" class=\"button\">Ver Detalhes<\/a><\/div><div class=\"opportunity-item\"><img loading=\"lazy\" decoding=\"async\" width=\"300\" height=\"224\" src=\"https:\/\/exportamoz.co.mz\/wp-content\/uploads\/2024\/09\/Design-sem-nome-24-300x224.png\" class=\"attachment-medium size-medium wp-post-image\" alt=\"\" srcset=\"https:\/\/exportamoz.co.mz\/wp-content\/uploads\/2024\/09\/Design-sem-nome-24-300x224.png 300w, https:\/\/exportamoz.co.mz\/wp-content\/uploads\/2024\/09\/Design-sem-nome-24-768x572.png 768w, https:\/\/exportamoz.co.mz\/wp-content\/uploads\/2024\/09\/Design-sem-nome-24.png 1000w\" sizes=\"(max-width: 300px) 100vw, 300px\" \/><h3>Feij\u00e3o Rose Coco (GLP 2)<\/h3><p><strong>Pre\u00e7o:<\/strong>  MZN\/KG<\/p><p><strong>Quantidade:<\/strong> 24 Ton<\/p><p><strong>Pa\u00eds:<\/strong> Mo\u00e7ambique<\/p><p><strong>Prov\u00edncia\/Estado:<\/strong> Maputo<\/p><a href=\"https:\/\/portal.exportamoz.co.mz\/\" class=\"button\">Ver Detalhes<\/a><\/div><div class=\"opportunity-item\"><img loading=\"lazy\" decoding=\"async\" width=\"300\" height=\"224\" src=\"https:\/\/exportamoz.co.mz\/wp-content\/uploads\/2024\/09\/Design-sem-nome-22-300x224.png\" class=\"attachment-medium size-medium wp-post-image\" alt=\"\" srcset=\"https:\/\/exportamoz.co.mz\/wp-content\/uploads\/2024\/09\/Design-sem-nome-22-300x224.png 300w, https:\/\/exportamoz.co.mz\/wp-content\/uploads\/2024\/09\/Design-sem-nome-22-768x572.png 768w, https:\/\/exportamoz.co.mz\/wp-content\/uploads\/2024\/09\/Design-sem-nome-22.png 1000w\" sizes=\"(max-width: 300px) 100vw, 300px\" \/><h3>Gergelim branco polido<\/h3><p><strong>Pre\u00e7o:<\/strong>  MZN\/KG<\/p><p><strong>Quantidade:<\/strong> 48 Ton<\/p><p><strong>Pa\u00eds:<\/strong> Mo\u00e7ambique<\/p><p><strong>Prov\u00edncia\/Estado:<\/strong> Maputo<\/p><a href=\"https:\/\/portal.exportamoz.co.mz\/\" class=\"button\">Ver Detalhes<\/a><\/div><div class=\"opportunity-item\"><img loading=\"lazy\" decoding=\"async\" width=\"300\" height=\"224\" src=\"https:\/\/exportamoz.co.mz\/wp-content\/uploads\/2024\/09\/Design-sem-nome-23-300x224.png\" class=\"attachment-medium size-medium wp-post-image\" alt=\"\" srcset=\"https:\/\/exportamoz.co.mz\/wp-content\/uploads\/2024\/09\/Design-sem-nome-23-300x224.png 300w, https:\/\/exportamoz.co.mz\/wp-content\/uploads\/2024\/09\/Design-sem-nome-23-768x572.png 768w, https:\/\/exportamoz.co.mz\/wp-content\/uploads\/2024\/09\/Design-sem-nome-23.png 1000w\" sizes=\"(max-width: 300px) 100vw, 300px\" \/><h3>Feij\u00e3o Preto<\/h3><p><strong>Pre\u00e7o:<\/strong>  MZN\/Ton<\/p><p><strong>Quantidade:<\/strong> 125 Ton<\/p><p><strong>Pa\u00eds:<\/strong> Mo\u00e7ambique<\/p><p><strong>Prov\u00edncia\/Estado:<\/strong> Maputo<\/p><a href=\"https:\/\/portal.exportamoz.co.mz\/\" class=\"button\">Ver Detalhes<\/a><\/div><div class=\"opportunity-item\"><img loading=\"lazy\" decoding=\"async\" width=\"300\" height=\"224\" src=\"https:\/\/exportamoz.co.mz\/wp-content\/uploads\/2024\/10\/Design-sem-nome-26-300x224.png\" class=\"attachment-medium size-medium wp-post-image\" alt=\"\" srcset=\"https:\/\/exportamoz.co.mz\/wp-content\/uploads\/2024\/10\/Design-sem-nome-26-300x224.png 300w, https:\/\/exportamoz.co.mz\/wp-content\/uploads\/2024\/10\/Design-sem-nome-26-768x572.png 768w, https:\/\/exportamoz.co.mz\/wp-content\/uploads\/2024\/10\/Design-sem-nome-26.png 1000w\" sizes=\"(max-width: 300px) 100vw, 300px\" \/><h3>\u00d3leo de Soja<\/h3><p><strong>Pre\u00e7o:<\/strong> 500 MZN\/KG<\/p><p><strong>Quantidade:<\/strong> 1000 Ton<\/p><p><strong>Pa\u00eds:<\/strong> Mo\u00e7ambique<\/p><p><strong>Prov\u00edncia\/Estado:<\/strong> Maputo<\/p><a href=\"https:\/\/portal.exportamoz.co.mz\/\" class=\"button\">Ver Detalhes<\/a><\/div><\/div><\/div><button id=\"load-more-opportunities\">Carregar Mais<\/button><\/div>","protected":false},"excerpt":{"rendered":"<p>Oportunidades de Exporta\u00e7\u00e3o Bem-vindo \u00e0 nossa p\u00e1gina de Oportunidades! Aqui encontrar\u00e1 uma lista de produtos e especifica\u00e7\u00f5es solicitados por nossos [&hellip;]<\/p>\n","protected":false},"author":2,"featured_media":0,"parent":0,"menu_order":0,"comment_status":"closed","ping_status":"closed","template":"","meta":{"om_disable_all_campaigns":false,"_monsterinsights_skip_tracking":false,"_monsterinsights_sitenote_active":false,"_monsterinsights_sitenote_note":"","_monsterinsights_sitenote_category":0,"footnotes":""},"class_list":["post-5699","page","type-page","status-publish","hentry"],"aioseo_notices":[],"_links":{"self":[{"href":"https:\/\/exportamoz.co.mz\/en\/wp-json\/wp\/v2\/pages\/5699","targetHints":{"allow":["GET"]}}],"collection":[{"href":"https:\/\/exportamoz.co.mz\/en\/wp-json\/wp\/v2\/pages"}],"about":[{"href":"https:\/\/exportamoz.co.mz\/en\/wp-json\/wp\/v2\/types\/page"}],"author":[{"embeddable":true,"href":"https:\/\/exportamoz.co.mz\/en\/wp-json\/wp\/v2\/users\/2"}],"replies":[{"embeddable":true,"href":"https:\/\/exportamoz.co.mz\/en\/wp-json\/wp\/v2\/comments?post=5699"}],"version-history":[{"count":3,"href":"https:\/\/exportamoz.co.mz\/en\/wp-json\/wp\/v2\/pages\/5699\/revisions"}],"predecessor-version":[{"id":5701,"href":"https:\/\/exportamoz.co.mz\/en\/wp-json\/wp\/v2\/pages\/5699\/revisions\/5701"}],"wp:attachment":[{"href":"https:\/\/exportamoz.co.mz\/en\/wp-json\/wp\/v2\/media?parent=5699"}],"curies":[{"name":"wp","href":"https:\/\/api.w.org\/{rel}","templated":true}]}}