{"id":484,"date":"2024-06-24T12:32:30","date_gmt":"2024-06-24T12:32:30","guid":{"rendered":"https:\/\/exportamoz.co.mz\/?page_id=484"},"modified":"2025-11-03T14:01:17","modified_gmt":"2025-11-03T14:01:17","slug":"sobre-nos-2","status":"publish","type":"page","link":"https:\/\/exportamoz.co.mz\/en\/sobre-nos-2\/","title":{"rendered":"SOBRE N\u00d3S"},"content":{"rendered":"\t\t<div data-elementor-type=\"wp-page\" data-elementor-id=\"484\" class=\"elementor elementor-484\" data-elementor-post-type=\"page\">\n\t\t\t\t\t\t<section class=\"elementor-section elementor-top-section elementor-element elementor-element-239c02c4 elementor-section-height-min-height elementor-section-content-space-between elementor-section-boxed elementor-section-height-default elementor-section-items-middle\" data-id=\"239c02c4\" data-element_type=\"section\" data-settings=\"{&quot;background_background&quot;:&quot;classic&quot;}\">\n\t\t\t\t\t\t\t<div class=\"elementor-background-overlay\"><\/div>\n\t\t\t\t\t\t\t<div class=\"elementor-container elementor-column-gap-default\">\n\t\t\t\t\t<div class=\"elementor-column elementor-col-100 elementor-top-column elementor-element elementor-element-697c4b15\" data-id=\"697c4b15\" data-element_type=\"column\">\n\t\t\t<div class=\"elementor-widget-wrap elementor-element-populated\">\n\t\t\t\t\t\t<div class=\"elementor-element elementor-element-2beb667 elementor-widget elementor-widget-elementskit-heading\" data-id=\"2beb667\" data-element_type=\"widget\" data-widget_type=\"elementskit-heading.default\">\n\t\t\t\t<div class=\"elementor-widget-container\">\n\t\t\t<div class=\"ekit-wid-con\"><div class=\"ekit-heading elementskit-section-title-wraper text_left   ekit_heading_tablet-   ekit_heading_mobile-\"><h2 class=\"ekit-heading--title elementskit-section-title \">Sobre N\u00f3s<\/h2><\/div><\/div>\t\t<\/div>\n\t\t\t\t<\/div>\n\t\t\t\t\t<\/div>\n\t\t<\/div>\n\t\t\t\t\t<\/div>\n\t\t<\/section>\n\t\t\t\t<section class=\"elementor-section elementor-top-section elementor-element elementor-element-7a055bff elementor-section-boxed elementor-section-height-default elementor-section-height-default\" data-id=\"7a055bff\" data-element_type=\"section\" id=\"xs_drop_3\" data-settings=\"{&quot;background_background&quot;:&quot;classic&quot;}\">\n\t\t\t\t\t\t<div class=\"elementor-container elementor-column-gap-default\">\n\t\t\t\t\t<div class=\"elementor-column elementor-col-33 elementor-top-column elementor-element elementor-element-493a4385\" data-id=\"493a4385\" data-element_type=\"column\">\n\t\t\t<div class=\"elementor-widget-wrap\">\n\t\t\t\t\t\t\t<\/div>\n\t\t<\/div>\n\t\t\t\t<div class=\"elementor-column elementor-col-33 elementor-top-column elementor-element elementor-element-2798fa6\" data-id=\"2798fa6\" data-element_type=\"column\">\n\t\t\t<div class=\"elementor-widget-wrap elementor-element-populated\">\n\t\t\t\t\t\t<div class=\"elementor-element elementor-element-4dc3cfa4 elementor-widget elementor-widget-elementskit-heading\" data-id=\"4dc3cfa4\" data-element_type=\"widget\" data-widget_type=\"elementskit-heading.default\">\n\t\t\t\t<div class=\"elementor-widget-container\">\n\t\t\t<div class=\"ekit-wid-con\"><div class=\"ekit-heading elementskit-section-title-wraper text_center   ekit_heading_tablet-   ekit_heading_mobile-\"><h2 class=\"ekit-heading--title elementskit-section-title \"><span>Sobre N\u00f3s<\/span><\/h2><div class=\"ekit_heading_separetor_wraper ekit_heading_elementskit-border-divider elementskit-style-long\"><div class=\"elementskit-border-divider elementskit-style-long\"><\/div><\/div>\t\t\t\t<div class='ekit-heading__description'>\n\t\t\t\t\t<p><span class=\"TextRun SCXW178589145 BCX0\"><span class=\"NormalTextRun SCXW178589145 BCX0\">A <\/span><span class=\"NormalTextRun SCXW178589145 BCX0\">ExportaMoz<\/span> <span class=\"NormalTextRun SCXW178589145 BCX0\">Solutions<\/span><span class=\"NormalTextRun SCXW178589145 BCX0\">, <\/span><span class=\"NormalTextRun SCXW178589145 BCX0\">Lda.<\/span><span class=\"NormalTextRun SCXW178589145 BCX0\"> \u00e9 uma empresa de direito privado mo\u00e7ambicana, com personalidade jur\u00eddica e administrativa pr\u00f3pria, sediada em Maputo, Mo\u00e7ambique. \u00c9 uma <\/span><span class=\"NormalTextRun SCXW178589145 BCX0\">joint<\/span><span class=\"NormalTextRun SCXW178589145 BCX0\"> venture colaborativa entre a SBS, <\/span><span class=\"NormalTextRun SCXW178589145 BCX0\">SupriMoz<\/span><span class=\"NormalTextRun SCXW178589145 BCX0\"> e a CCI, todas empresas mo\u00e7ambicanas.<\/span><\/span><span class=\"EOP SCXW178589145 BCX0\">\u00a0<\/span><\/p>\n\t\t\t\t<\/div>\n\t\t\t<\/div><\/div>\t\t<\/div>\n\t\t\t\t<\/div>\n\t\t\t\t<div class=\"elementor-element elementor-element-c3d4dca readmorebutn elementor-widget elementor-widget-toggle\" data-id=\"c3d4dca\" data-element_type=\"widget\" data-widget_type=\"toggle.default\">\n\t\t\t\t<div class=\"elementor-widget-container\">\n\t\t\t<style>\/*! elementor - v3.21.0 - 26-05-2024 *\/\n.elementor-toggle{text-align:start}.elementor-toggle .elementor-tab-title{font-weight:700;line-height:1;margin:0;padding:15px;border-bottom:1px solid #d5d8dc;cursor:pointer;outline:none}.elementor-toggle .elementor-tab-title .elementor-toggle-icon{display:inline-block;width:1em}.elementor-toggle .elementor-tab-title .elementor-toggle-icon svg{margin-inline-start:-5px;width:1em;height:1em}.elementor-toggle .elementor-tab-title .elementor-toggle-icon.elementor-toggle-icon-right{float:right;text-align:right}.elementor-toggle .elementor-tab-title .elementor-toggle-icon.elementor-toggle-icon-left{float:left;text-align:left}.elementor-toggle .elementor-tab-title .elementor-toggle-icon .elementor-toggle-icon-closed{display:block}.elementor-toggle .elementor-tab-title .elementor-toggle-icon .elementor-toggle-icon-opened{display:none}.elementor-toggle .elementor-tab-title.elementor-active{border-bottom:none}.elementor-toggle .elementor-tab-title.elementor-active .elementor-toggle-icon-closed{display:none}.elementor-toggle .elementor-tab-title.elementor-active .elementor-toggle-icon-opened{display:block}.elementor-toggle .elementor-tab-content{padding:15px;border-bottom:1px solid #d5d8dc;display:none}@media (max-width:767px){.elementor-toggle .elementor-tab-title{padding:12px}.elementor-toggle .elementor-tab-content{padding:12px 10px}}.e-con-inner>.elementor-widget-toggle,.e-con>.elementor-widget-toggle{width:var(--container-widget-width);--flex-grow:var(--container-widget-flex-grow)}<\/style>\t\t<div class=\"elementor-toggle\">\n\t\t\t\t\t\t\t<div class=\"elementor-toggle-item\">\n\t\t\t\t\t<div id=\"elementor-tab-title-2051\" class=\"elementor-tab-title\" data-tab=\"1\" role=\"button\" aria-controls=\"elementor-tab-content-2051\" aria-expanded=\"false\">\n\t\t\t\t\t\t\t\t\t\t\t\t<a class=\"elementor-toggle-title\" tabindex=\"0\">Ler mais...<\/a>\n\t\t\t\t\t<\/div>\n\n\t\t\t\t\t<div id=\"elementor-tab-content-2051\" class=\"elementor-tab-content elementor-clearfix\" data-tab=\"1\" role=\"region\" aria-labelledby=\"elementor-tab-title-2051\"><p><span data-contrast=\"auto\">O objetivo da empresa \u00e9 oferecer solu\u00e7\u00f5es abrangentes para micro, pequenos e m\u00e9dios exportadores, bem como potenciais exportadores em Mo\u00e7ambique. N\u00f3s ajudamos na identifica\u00e7\u00e3o de produtos mo\u00e7ambicanos para exporta\u00e7\u00e3o, para qualifica\u00e7\u00e3o e quantifica\u00e7\u00e3o desses produtos para atender \u00e0s demandas dos mercados exigentes. Al\u00e9m disso, disponibilizamos acesso a servi\u00e7os financeiros, seguros de exporta\u00e7\u00e3o, conex\u00f5es com mercados estrangeiros e oferecemos acompanhamento nos neg\u00f3cios internacionais, assim como avalia\u00e7\u00e3o de produtos no mercado e identifica\u00e7\u00e3o de oportunidades para produtos mo\u00e7ambicanos em bruto\/naturais, minimamente processados ou totalmente processados para o consumidor final.<\/span><\/p><p><span data-contrast=\"auto\">Nosso foco \u00e9 permitir que os produtores e processadores\/manufaturadores se tornem profissionais em suas \u00e1reas e oferecer servi\u00e7os que n\u00e3o os distraiam do que sabem fazer de melhor.<\/span><span data-ccp-props=\"{&quot;335551550&quot;:6,&quot;335551620&quot;:6}\">\u00a0<\/span><\/p><p><span data-ccp-props=\"{&quot;335551550&quot;:6,&quot;335551620&quot;:6}\">\u00a0<\/span><span data-contrast=\"auto\">Nossa principal estrat\u00e9gia \u00e9 fornecer treinamento e acesso ao conhecimento para exportadores e potenciais exportadores, al\u00e9m de disponibilizar informa\u00e7\u00f5es atualizadas sobre oportunidades de neg\u00f3cios e servi\u00e7os.<\/span><span data-ccp-props=\"{&quot;335551550&quot;:6,&quot;335551620&quot;:6}\">\u00a0<\/span><\/p><p><span data-ccp-props=\"{&quot;335551550&quot;:6,&quot;335551620&quot;:6}\">\u00a0<\/span><span data-contrast=\"auto\">Uma das principais formas de alcan\u00e7ar nossos objetivos \u00e9 atrav\u00e9s do Manual Guia do Exportador em Mo\u00e7ambique, do Plano de Neg\u00f3cios para Exporta\u00e7\u00e3o e da Plataforma do Exportador em Mo\u00e7ambique, que abrange todas as etapas do processo, desde a identifica\u00e7\u00e3o do produto at\u00e9 a comercializa\u00e7\u00e3o. Al\u00e9m disso, divulgamos diversas informa\u00e7\u00f5es e oportunidades em nossas v\u00e1rias plataformas e redes sociais.<\/span><span data-ccp-props=\"{&quot;335551550&quot;:6,&quot;335551620&quot;:6}\">\u00a0<\/span><\/p><p><span data-ccp-props=\"{&quot;335551550&quot;:6,&quot;335551620&quot;:6}\">\u00a0<\/span><span data-contrast=\"auto\">Nossa equipe s\u00eanior possui mais de 25 anos de experi\u00eancia no mercado mo\u00e7ambicano em diversas \u00e1reas de conhecimento, o que suporta a estrutura estrat\u00e9gica de nossos servi\u00e7os.<\/span><span data-ccp-props=\"{&quot;335551550&quot;:6,&quot;335551620&quot;:6}\">\u00a0<\/span><\/p><\/div>\n\t\t\t\t<\/div>\n\t\t\t\t\t\t\t\t<\/div>\n\t\t\t\t<\/div>\n\t\t\t\t<\/div>\n\t\t\t\t<section class=\"elementor-section elementor-inner-section elementor-element elementor-element-4d707300 elementor-section-boxed elementor-section-height-default elementor-section-height-default\" data-id=\"4d707300\" data-element_type=\"section\">\n\t\t\t\t\t\t<div class=\"elementor-container elementor-column-gap-default\">\n\t\t\t\t\t<div class=\"elementor-column elementor-col-100 elementor-inner-column elementor-element elementor-element-4fc0e988\" data-id=\"4fc0e988\" data-element_type=\"column\">\n\t\t\t<div class=\"elementor-widget-wrap\">\n\t\t\t\t\t\t\t<\/div>\n\t\t<\/div>\n\t\t\t\t\t<\/div>\n\t\t<\/section>\n\t\t\t\t\t<\/div>\n\t\t<\/div>\n\t\t\t\t<div class=\"elementor-column elementor-col-33 elementor-top-column elementor-element elementor-element-77ae91bf\" data-id=\"77ae91bf\" data-element_type=\"column\">\n\t\t\t<div class=\"elementor-widget-wrap\">\n\t\t\t\t\t\t\t<\/div>\n\t\t<\/div>\n\t\t\t\t\t<\/div>\n\t\t<\/section>\n\t\t\t\t<section class=\"elementor-section elementor-top-section elementor-element elementor-element-66243121 elementor-hidden-desktop elementor-hidden-tablet elementor-hidden-mobile elementor-section-boxed elementor-section-height-default elementor-section-height-default\" data-id=\"66243121\" data-element_type=\"section\">\n\t\t\t\t\t\t<div class=\"elementor-container elementor-column-gap-default\">\n\t\t\t\t\t<div class=\"elementor-column elementor-col-50 elementor-top-column elementor-element elementor-element-515270ec\" data-id=\"515270ec\" data-element_type=\"column\">\n\t\t\t<div class=\"elementor-widget-wrap elementor-element-populated\">\n\t\t\t\t\t\t<div class=\"elementor-element elementor-element-29d0898e elementor-widget elementor-widget-elementskit-heading\" data-id=\"29d0898e\" data-element_type=\"widget\" data-widget_type=\"elementskit-heading.default\">\n\t\t\t\t<div class=\"elementor-widget-container\">\n\t\t\t<div class=\"ekit-wid-con\"><div class=\"ekit-heading elementskit-section-title-wraper text_left   ekit_heading_tablet-   ekit_heading_mobile-\"><h2 class=\"ekit-heading--title elementskit-section-title \">Sobre N\u00f3s<\/h2><\/div><\/div>\t\t<\/div>\n\t\t\t\t<\/div>\n\t\t\t\t<div class=\"elementor-element elementor-element-59d794a2 elementor-widget elementor-widget-elementskit-button\" data-id=\"59d794a2\" data-element_type=\"widget\" data-widget_type=\"elementskit-button.default\">\n\t\t\t\t<div class=\"elementor-widget-container\">\n\t\t\t<div class=\"ekit-wid-con\">\t\t<div class=\"ekit-btn-wraper\">\n\t\t\t\t\t\t\t<a href=\"#\" class=\"elementskit-btn  whitespace--normal\" id=\"\">\n\t\t\t\t\tLearn more\t\t\t\t<\/a>\n\t\t\t\t\t<\/div>\n        <\/div>\t\t<\/div>\n\t\t\t\t<\/div>\n\t\t\t\t\t<\/div>\n\t\t<\/div>\n\t\t\t\t<div class=\"elementor-column elementor-col-50 elementor-top-column elementor-element elementor-element-2b6e43d9 elementor-hidden-desktop elementor-hidden-tablet elementor-hidden-mobile\" data-id=\"2b6e43d9\" data-element_type=\"column\">\n\t\t\t<div class=\"elementor-widget-wrap elementor-element-populated\">\n\t\t\t\t\t\t<div class=\"elementor-element elementor-element-584a4e49 elementor-widget elementor-widget-image\" data-id=\"584a4e49\" data-element_type=\"widget\" data-widget_type=\"image.default\">\n\t\t\t\t<div class=\"elementor-widget-container\">\n\t\t\t<style>\/*! elementor - v3.21.0 - 26-05-2024 *\/\n.elementor-widget-image{text-align:center}.elementor-widget-image a{display:inline-block}.elementor-widget-image a img[src$=\".svg\"]{width:48px}.elementor-widget-image img{vertical-align:middle;display:inline-block}<\/style>\t\t\t\t\t\t\t\t\t\t<img decoding=\"async\" src=\"https:\/\/exportamoz.co.mz\/wp-content\/uploads\/2024\/06\/about_img-1-1.png\" title=\"\" alt=\"\" loading=\"lazy\" \/>\t\t\t\t\t\t\t\t\t\t\t\t\t<\/div>\n\t\t\t\t<\/div>\n\t\t\t\t<div class=\"elementor-element elementor-element-5d23acf elementor-widget elementor-widget-read-more\" data-id=\"5d23acf\" data-element_type=\"widget\" data-widget_type=\"read-more.default\">\n\t\t\t\t<div class=\"elementor-widget-container\">\n\t\t\t<\/div><\/div><\/div><\/div><\/div><\/section><\/div> <a href=\"https:\/\/exportamoz.co.mz\/en\/sobre-nos-2\/#more-484\" class=\"more-link elementor-more-link\"><span aria-label=\"Continue reading SOBRE N\u00d3S\">Continue reading<\/span><\/a>","protected":false},"excerpt":{"rendered":"<p>Sobre N\u00f3s Sobre N\u00f3s A ExportaMoz Solutions, Lda. \u00e9 uma empresa de direito privado mo\u00e7ambicana, com personalidade jur\u00eddica e administrativa [&hellip;]<\/p>\n","protected":false},"author":2,"featured_media":0,"parent":0,"menu_order":0,"comment_status":"closed","ping_status":"closed","template":"","meta":{"om_disable_all_campaigns":false,"_monsterinsights_skip_tracking":false,"_monsterinsights_sitenote_active":false,"_monsterinsights_sitenote_note":"","_monsterinsights_sitenote_category":0,"footnotes":""},"class_list":["post-484","page","type-page","status-publish","hentry"],"aioseo_notices":[],"_links":{"self":[{"href":"https:\/\/exportamoz.co.mz\/en\/wp-json\/wp\/v2\/pages\/484","targetHints":{"allow":["GET"]}}],"collection":[{"href":"https:\/\/exportamoz.co.mz\/en\/wp-json\/wp\/v2\/pages"}],"about":[{"href":"https:\/\/exportamoz.co.mz\/en\/wp-json\/wp\/v2\/types\/page"}],"author":[{"embeddable":true,"href":"https:\/\/exportamoz.co.mz\/en\/wp-json\/wp\/v2\/users\/2"}],"replies":[{"embeddable":true,"href":"https:\/\/exportamoz.co.mz\/en\/wp-json\/wp\/v2\/comments?post=484"}],"version-history":[{"count":175,"href":"https:\/\/exportamoz.co.mz\/en\/wp-json\/wp\/v2\/pages\/484\/revisions"}],"predecessor-version":[{"id":6289,"href":"https:\/\/exportamoz.co.mz\/en\/wp-json\/wp\/v2\/pages\/484\/revisions\/6289"}],"wp:attachment":[{"href":"https:\/\/exportamoz.co.mz\/en\/wp-json\/wp\/v2\/media?parent=484"}],"curies":[{"name":"wp","href":"https:\/\/api.w.org\/{rel}","templated":true}]}}